{"id":1032,"date":"2023-02-21T12:11:15","date_gmt":"2023-02-21T12:11:15","guid":{"rendered":"https:\/\/ahnar.org\/qui-som\/"},"modified":"2025-09-10T09:33:10","modified_gmt":"2025-09-10T09:33:10","slug":"qui-som","status":"publish","type":"page","link":"https:\/\/ahnar.org\/val\/qui-som\/","title":{"rendered":"Qui som"},"content":{"rendered":"\t\t<div data-elementor-type=\"wp-page\" data-elementor-id=\"1032\" class=\"elementor elementor-1032 elementor-68\" data-elementor-post-type=\"page\">\n\t\t\t\t\t\t<section class=\"elementor-section elementor-top-section elementor-element elementor-element-65d7b6b elementor-section-full_width elementor-section-height-default elementor-section-height-default\" data-id=\"65d7b6b\" data-element_type=\"section\" data-e-type=\"section\" data-settings=\"{&quot;background_background&quot;:&quot;slideshow&quot;,&quot;background_slideshow_gallery&quot;:[{&quot;id&quot;:889,&quot;url&quot;:&quot;https:\\\/\\\/ahnar.org\\\/wp-content\\\/uploads\\\/2023\\\/08\\\/Quienes-somos.png&quot;}],&quot;background_slideshow_loop&quot;:&quot;yes&quot;,&quot;background_slideshow_slide_duration&quot;:5000,&quot;background_slideshow_slide_transition&quot;:&quot;fade&quot;,&quot;background_slideshow_transition_duration&quot;:500}\">\n\t\t\t\t\t\t<div class=\"elementor-container elementor-column-gap-default\">\n\t\t\t\t\t<div class=\"elementor-column elementor-col-100 elementor-top-column elementor-element elementor-element-8ca95f8\" data-id=\"8ca95f8\" data-element_type=\"column\" data-e-type=\"column\">\n\t\t\t<div class=\"elementor-widget-wrap elementor-element-populated\">\n\t\t\t\t\t\t<div class=\"elementor-element elementor-element-c871a40 elementor-widget elementor-widget-heading\" data-id=\"c871a40\" data-element_type=\"widget\" data-e-type=\"widget\" data-widget_type=\"heading.default\">\n\t\t\t\t<div class=\"elementor-widget-container\">\n\t\t\t\t\t<h3 class=\"elementor-heading-title elementor-size-default\"><br><br><br><br><br><br><br><br><br><br><br><br><br><\/h3>\t\t\t\t<\/div>\n\t\t\t\t<\/div>\n\t\t\t\t\t<\/div>\n\t\t<\/div>\n\t\t\t\t\t<\/div>\n\t\t<\/section>\n\t\t\t\t<section class=\"elementor-section elementor-top-section elementor-element elementor-element-347cd1f elementor-section-boxed elementor-section-height-default elementor-section-height-default\" data-id=\"347cd1f\" data-element_type=\"section\" data-e-type=\"section\">\n\t\t\t\t\t\t<div class=\"elementor-container elementor-column-gap-default\">\n\t\t\t\t\t<div class=\"elementor-column elementor-col-100 elementor-top-column elementor-element elementor-element-5252670\" data-id=\"5252670\" data-element_type=\"column\" data-e-type=\"column\">\n\t\t\t<div class=\"elementor-widget-wrap elementor-element-populated\">\n\t\t\t\t\t\t<div class=\"elementor-element elementor-element-1a6d682 elementor-widget elementor-widget-spacer\" data-id=\"1a6d682\" data-element_type=\"widget\" data-e-type=\"widget\" data-widget_type=\"spacer.default\">\n\t\t\t\t<div class=\"elementor-widget-container\">\n\t\t\t\t\t\t\t<div class=\"elementor-spacer\">\n\t\t\t<div class=\"elementor-spacer-inner\"><\/div>\n\t\t<\/div>\n\t\t\t\t\t\t<\/div>\n\t\t\t\t<\/div>\n\t\t\t\t\t<\/div>\n\t\t<\/div>\n\t\t\t\t\t<\/div>\n\t\t<\/section>\n\t\t\t\t<section class=\"elementor-section elementor-top-section elementor-element elementor-element-68ec915 elementor-section-boxed elementor-section-height-default elementor-section-height-default\" data-id=\"68ec915\" data-element_type=\"section\" data-e-type=\"section\">\n\t\t\t\t\t\t<div class=\"elementor-container elementor-column-gap-default\">\n\t\t\t\t\t<div class=\"elementor-column elementor-col-66 elementor-top-column elementor-element elementor-element-03fa2de\" data-id=\"03fa2de\" data-element_type=\"column\" data-e-type=\"column\">\n\t\t\t<div class=\"elementor-widget-wrap elementor-element-populated\">\n\t\t\t\t\t\t<div class=\"elementor-element elementor-element-490a25b elementor-widget elementor-widget-heading\" data-id=\"490a25b\" data-element_type=\"widget\" data-e-type=\"widget\" data-widget_type=\"heading.default\">\n\t\t\t\t<div class=\"elementor-widget-container\">\n\t\t\t\t\t<h4 class=\"elementor-heading-title elementor-size-large\">QUI SOM<\/h4>\t\t\t\t<\/div>\n\t\t\t\t<\/div>\n\t\t\t\t<div class=\"elementor-element elementor-element-0a8c60c elementor-widget elementor-widget-spacer\" data-id=\"0a8c60c\" data-element_type=\"widget\" data-e-type=\"widget\" data-widget_type=\"spacer.default\">\n\t\t\t\t<div class=\"elementor-widget-container\">\n\t\t\t\t\t\t\t<div class=\"elementor-spacer\">\n\t\t\t<div class=\"elementor-spacer-inner\"><\/div>\n\t\t<\/div>\n\t\t\t\t\t\t<\/div>\n\t\t\t\t<\/div>\n\t\t\t\t<div class=\"elementor-element elementor-element-b589627 elementor-widget elementor-widget-text-editor\" data-id=\"b589627\" data-element_type=\"widget\" data-e-type=\"widget\" data-widget_type=\"text-editor.default\">\n\t\t\t\t<div class=\"elementor-widget-container\">\n\t\t\t\t\t\t\t\t\t<p>AHNAR \u00e9s una <strong>organitzaci\u00f3 no governamental, sense \u00e0nim de lucre, apol\u00edtica, aconfessional i compromesa amb la igualtat<\/strong>, fundada en 1981. A m\u00e9s, compta amb el seu <strong>Pla d&#8217;Igualtat,<\/strong> implantat des de l&#8217;any 2019.  <\/p>\n<p>Som una resposta professionalitzada al problema de les <strong>addiccions, a l&#8217;alcohol, coca\u00efna, c\u00e0nnabis, benzodiacepines, \u00e8xtasi, tabac, jog,<\/strong> etc., avalada per una experi\u00e8ncia de m\u00e9s de 40 anys, amb una formaci\u00f3 continuada en aquest \u00e0mbit i amb la certificaci\u00f3 de Centre Sanitari, <strong>amb n\u00famero 13008 al Registre Auton\u00f2mic de Centres, Serveis y Establiments Sanitaris.<\/strong><\/p>\n<p>Els programes que oferim estan acreditats pels \u00f2rgans competents de la Generalitat Valenciana. L&#8217;Associaci\u00f3 est\u00e0 inscrita amb el n\u00famero 1923 de la Secci\u00f3 Primera del Registre d&#8217;Associacions de la Comunitat Valenciana i amb el n\u00famero 40903 en el Registre Nacional.<\/p>\n<p>La nostra Associaci\u00f3 tamb\u00e9 est\u00e0 inscrita en el cat\u00e0leg auton\u00f2mic d&#8217;entitats en salut de la Comunitat Valenciana amb n\u00famero de registre 59\/17. Inscrita en el registre auton\u00f2mic de Centres, Serveis i Establiments Sanitaris de la Comunitat Valenciana amb n\u00famero de registre 13008. Centre de Dia de Suport al Tractament amb n\u00famero ACD\/5282 en el Registre de Centres i Serveis d&#8217;Atenci\u00f3 i Prevenci\u00f3 de les Drogodepend\u00e8ncies de la Comunitat Valenciana. Centre de Dia de Reinserci\u00f3 amb n\u00famero ACD\/5281 en el Registre de Centres i Serveis d&#8217;Atenci\u00f3 i Prevenci\u00f3 de les Drogodepend\u00e8ncies de la Comunitat Valenciana.<\/p>\n\t\t\t\t\t\t\t\t<\/div>\n\t\t\t\t<\/div>\n\t\t\t\t\t<\/div>\n\t\t<\/div>\n\t\t\t\t<div class=\"elementor-column elementor-col-33 elementor-top-column elementor-element elementor-element-ad85f66\" data-id=\"ad85f66\" data-element_type=\"column\" data-e-type=\"column\">\n\t\t\t<div class=\"elementor-widget-wrap elementor-element-populated\">\n\t\t\t\t\t\t<div class=\"elementor-element elementor-element-5e850f3 elementor-widget elementor-widget-spacer\" data-id=\"5e850f3\" data-element_type=\"widget\" data-e-type=\"widget\" data-widget_type=\"spacer.default\">\n\t\t\t\t<div class=\"elementor-widget-container\">\n\t\t\t\t\t\t\t<div class=\"elementor-spacer\">\n\t\t\t<div class=\"elementor-spacer-inner\"><\/div>\n\t\t<\/div>\n\t\t\t\t\t\t<\/div>\n\t\t\t\t<\/div>\n\t\t\t\t<div class=\"elementor-element elementor-element-1856624 elementor-widget elementor-widget-image\" data-id=\"1856624\" data-element_type=\"widget\" data-e-type=\"widget\" data-widget_type=\"image.default\">\n\t\t\t\t<div class=\"elementor-widget-container\">\n\t\t\t\t\t\t\t\t\t\t\t\t\t\t\t<img fetchpriority=\"high\" decoding=\"async\" width=\"351\" height=\"351\" src=\"https:\/\/ahnar.org\/wp-content\/uploads\/2023\/02\/equipo-07.png\" class=\"attachment-full size-full wp-image-64\" alt=\"\" srcset=\"https:\/\/ahnar.org\/wp-content\/uploads\/2023\/02\/equipo-07.png 351w, https:\/\/ahnar.org\/wp-content\/uploads\/2023\/02\/equipo-07-300x300.png 300w, https:\/\/ahnar.org\/wp-content\/uploads\/2023\/02\/equipo-07-150x150.png 150w, https:\/\/ahnar.org\/wp-content\/uploads\/2023\/02\/elementor\/thumbs\/equipo-07-q2hixyb9a82wl5wdpfj4vw5722pdcu6vhle1cq32kw.png 200w, https:\/\/ahnar.org\/wp-content\/uploads\/2023\/02\/elementor\/thumbs\/equipo-07-q2hixyb9w5h4e5z8wvypxxkdkqt6opsqfhomffbolg.png 250w, https:\/\/ahnar.org\/wp-content\/uploads\/2023\/02\/elementor\/thumbs\/equipo-07-q35l8qv6mwhavzz6iheis9rqitjtj93wwmqqzrn2w6.png 247w\" sizes=\"(max-width: 351px) 100vw, 351px\" \/>\t\t\t\t\t\t\t\t\t\t\t\t\t\t\t<\/div>\n\t\t\t\t<\/div>\n\t\t\t\t\t<\/div>\n\t\t<\/div>\n\t\t\t\t\t<\/div>\n\t\t<\/section>\n\t\t\t\t<section class=\"elementor-section elementor-top-section elementor-element elementor-element-a6f443d elementor-section-boxed elementor-section-height-default elementor-section-height-default\" data-id=\"a6f443d\" data-element_type=\"section\" data-e-type=\"section\">\n\t\t\t\t\t\t<div class=\"elementor-container elementor-column-gap-default\">\n\t\t\t\t\t<div class=\"elementor-column elementor-col-50 elementor-top-column elementor-element elementor-element-809a6b9\" data-id=\"809a6b9\" data-element_type=\"column\" data-e-type=\"column\">\n\t\t\t<div class=\"elementor-widget-wrap elementor-element-populated\">\n\t\t\t\t\t\t<div class=\"elementor-element elementor-element-c3f7570 elementor-widget elementor-widget-heading\" data-id=\"c3f7570\" data-element_type=\"widget\" data-e-type=\"widget\" data-widget_type=\"heading.default\">\n\t\t\t\t<div class=\"elementor-widget-container\">\n\t\t\t\t\t<h3 class=\"elementor-heading-title elementor-size-large\">Missi\u00f3<\/h3>\t\t\t\t<\/div>\n\t\t\t\t<\/div>\n\t\t\t\t<div class=\"elementor-element elementor-element-5dfe142 elementor-widget elementor-widget-text-editor\" data-id=\"5dfe142\" data-element_type=\"widget\" data-e-type=\"widget\" data-widget_type=\"text-editor.default\">\n\t\t\t\t<div class=\"elementor-widget-container\">\n\t\t\t\t\t\t\t\t\t<p>Despertar la consci\u00e8ncia p\u00fablica sobre el problema de les addiccions i contribuir, a trav\u00e9s dels seus <b>programes de prevenci\u00f3 i intervenci\u00f3, al desenvolupament bio-psicosocial <\/b> de persones que presenten conductes addictives i als seus familiars per a millorar la seua qualitat de vida.<\/p>\n\t\t\t\t\t\t\t\t<\/div>\n\t\t\t\t<\/div>\n\t\t\t\t<div class=\"elementor-element elementor-element-c0eb585 elementor-widget elementor-widget-heading\" data-id=\"c0eb585\" data-element_type=\"widget\" data-e-type=\"widget\" data-widget_type=\"heading.default\">\n\t\t\t\t<div class=\"elementor-widget-container\">\n\t\t\t\t\t<h3 class=\"elementor-heading-title elementor-size-large\">Visi\u00f3<\/h3>\t\t\t\t<\/div>\n\t\t\t\t<\/div>\n\t\t\t\t<div class=\"elementor-element elementor-element-131c285 elementor-widget elementor-widget-text-editor\" data-id=\"131c285\" data-element_type=\"widget\" data-e-type=\"widget\" data-widget_type=\"text-editor.default\">\n\t\t\t\t<div class=\"elementor-widget-container\">\n\t\t\t\t\t\t\t\t\t<p>Identificar les <b>necessitats humanes i socials <\/b> sorgides de l&#8217;evoluci\u00f3 de les addiccions i, a partir d\u2019ac\u00ed, respondre amb la creaci\u00f3 i desenvolupament de programes adaptats. A m\u00e9s, consolidar-nos com a marc referent de formaci\u00f3 actualitzada en mat\u00e8ria d&#8217;addiccions per a convertir-nos en f\u00f2rum reconegut entre experts i nous professionals.<\/p>\n\t\t\t\t\t\t\t\t<\/div>\n\t\t\t\t<\/div>\n\t\t\t\t\t<\/div>\n\t\t<\/div>\n\t\t\t\t<div class=\"elementor-column elementor-col-50 elementor-top-column elementor-element elementor-element-99907c1\" data-id=\"99907c1\" data-element_type=\"column\" data-e-type=\"column\">\n\t\t\t<div class=\"elementor-widget-wrap elementor-element-populated\">\n\t\t\t\t\t\t<div class=\"elementor-element elementor-element-9ff450d elementor-widget elementor-widget-heading\" data-id=\"9ff450d\" data-element_type=\"widget\" data-e-type=\"widget\" data-widget_type=\"heading.default\">\n\t\t\t\t<div class=\"elementor-widget-container\">\n\t\t\t\t\t<h3 class=\"elementor-heading-title elementor-size-large\">Valors<\/h3>\t\t\t\t<\/div>\n\t\t\t\t<\/div>\n\t\t\t\t<div class=\"elementor-element elementor-element-73a3bef elementor-widget elementor-widget-text-editor\" data-id=\"73a3bef\" data-element_type=\"widget\" data-e-type=\"widget\" data-widget_type=\"text-editor.default\">\n\t\t\t\t<div class=\"elementor-widget-container\">\n\t\t\t\t\t\t\t\t\t<p style=\"text-align: left;\">AHNAR garanteix la qualitat d&#8217;atenci\u00f3 en base a valors com ara:<b> IGUALTAT I EQUITAT<\/b> de totes les persones amb problemes d&#8217;addicci\u00f3, <b>NORMALITZACI\u00d3 I INTEGRACI\u00d3<\/b> de la persona usu\u00e0ria en un context normalitzat, <b>INTERSECTORIALITAT<\/b>, coordinant-nos amb totes les institucions p\u00fabliques o privades que sigui necessari; i <b>RESPONSABILITAT P\u00daBLICA<\/b>, complint els nostres deures \u00e8tics i normativa vigent.<\/p>\n\t\t\t\t\t\t\t\t<\/div>\n\t\t\t\t<\/div>\n\t\t\t\t<div class=\"elementor-element elementor-element-06daadd elementor-align-center elementor-widget elementor-widget-button\" data-id=\"06daadd\" data-element_type=\"widget\" data-e-type=\"widget\" data-widget_type=\"button.default\">\n\t\t\t\t<div class=\"elementor-widget-container\">\n\t\t\t\t\t\t\t\t\t<div class=\"elementor-button-wrapper\">\n\t\t\t\t\t<a class=\"elementor-button elementor-button-link elementor-size-md\" href=\"https:\/\/ahnar.org\/val\/portal-de-transparencia\/\">\n\t\t\t\t\t\t<span class=\"elementor-button-content-wrapper\">\n\t\t\t\t\t\t\t\t\t<span class=\"elementor-button-text\">Portal de transpar\u00e8ncia<\/span>\n\t\t\t\t\t<\/span>\n\t\t\t\t\t<\/a>\n\t\t\t\t<\/div>\n\t\t\t\t\t\t\t\t<\/div>\n\t\t\t\t<\/div>\n\t\t\t\t\t<\/div>\n\t\t<\/div>\n\t\t\t\t\t<\/div>\n\t\t<\/section>\n\t\t\t\t<section class=\"elementor-section elementor-top-section elementor-element elementor-element-11b7be3 elementor-section-boxed elementor-section-height-default elementor-section-height-default\" data-id=\"11b7be3\" data-element_type=\"section\" data-e-type=\"section\">\n\t\t\t\t\t\t<div class=\"elementor-container elementor-column-gap-default\">\n\t\t\t\t\t<div class=\"elementor-column elementor-col-100 elementor-top-column elementor-element elementor-element-79fa599\" data-id=\"79fa599\" data-element_type=\"column\" data-e-type=\"column\">\n\t\t\t<div class=\"elementor-widget-wrap elementor-element-populated\">\n\t\t\t\t\t\t<div class=\"elementor-element elementor-element-87bda63 elementor-widget elementor-widget-spacer\" data-id=\"87bda63\" data-element_type=\"widget\" data-e-type=\"widget\" data-widget_type=\"spacer.default\">\n\t\t\t\t<div class=\"elementor-widget-container\">\n\t\t\t\t\t\t\t<div class=\"elementor-spacer\">\n\t\t\t<div class=\"elementor-spacer-inner\"><\/div>\n\t\t<\/div>\n\t\t\t\t\t\t<\/div>\n\t\t\t\t<\/div>\n\t\t\t\t\t<\/div>\n\t\t<\/div>\n\t\t\t\t\t<\/div>\n\t\t<\/section>\n\t\t\t\t<section class=\"elementor-section elementor-top-section elementor-element elementor-element-86f9362 elementor-section-full_width elementor-section-height-default elementor-section-height-default\" data-id=\"86f9362\" data-element_type=\"section\" data-e-type=\"section\" data-settings=\"{&quot;background_background&quot;:&quot;classic&quot;}\">\n\t\t\t\t\t\t<div class=\"elementor-container elementor-column-gap-default\">\n\t\t\t\t\t<div class=\"elementor-column elementor-col-100 elementor-top-column elementor-element elementor-element-70a9b1c\" data-id=\"70a9b1c\" data-element_type=\"column\" data-e-type=\"column\">\n\t\t\t<div class=\"elementor-widget-wrap elementor-element-populated\">\n\t\t\t\t\t\t<div class=\"elementor-element elementor-element-21fbbcc elementor-widget elementor-widget-spacer\" data-id=\"21fbbcc\" data-element_type=\"widget\" data-e-type=\"widget\" data-widget_type=\"spacer.default\">\n\t\t\t\t<div class=\"elementor-widget-container\">\n\t\t\t\t\t\t\t<div class=\"elementor-spacer\">\n\t\t\t<div class=\"elementor-spacer-inner\"><\/div>\n\t\t<\/div>\n\t\t\t\t\t\t<\/div>\n\t\t\t\t<\/div>\n\t\t\t\t\t<\/div>\n\t\t<\/div>\n\t\t\t\t\t<\/div>\n\t\t<\/section>\n\t\t\t\t<section class=\"elementor-section elementor-top-section elementor-element elementor-element-0f10ad9 elementor-section-boxed elementor-section-height-default elementor-section-height-default\" data-id=\"0f10ad9\" data-element_type=\"section\" data-e-type=\"section\" data-settings=\"{&quot;background_background&quot;:&quot;classic&quot;}\">\n\t\t\t\t\t\t<div class=\"elementor-container elementor-column-gap-default\">\n\t\t\t\t\t<div class=\"elementor-column elementor-col-33 elementor-top-column elementor-element elementor-element-56f5a13\" data-id=\"56f5a13\" data-element_type=\"column\" data-e-type=\"column\">\n\t\t\t<div class=\"elementor-widget-wrap elementor-element-populated\">\n\t\t\t\t\t\t<div class=\"elementor-element elementor-element-44307fc elementor-widget elementor-widget-image\" data-id=\"44307fc\" data-element_type=\"widget\" data-e-type=\"widget\" data-widget_type=\"image.default\">\n\t\t\t\t<div class=\"elementor-widget-container\">\n\t\t\t\t\t\t\t\t\t\t\t\t\t\t\t<img decoding=\"async\" width=\"150\" height=\"150\" src=\"https:\/\/ahnar.org\/wp-content\/uploads\/2023\/02\/equipo-08-150x150.png\" class=\"attachment-thumbnail size-thumbnail wp-image-129\" alt=\"\" srcset=\"https:\/\/ahnar.org\/wp-content\/uploads\/2023\/02\/equipo-08-150x150.png 150w, https:\/\/ahnar.org\/wp-content\/uploads\/2023\/02\/elementor\/thumbs\/equipo-08-q2j8qy1xfjdoy86k0i1oj4n386xzdvefo4spuihpuo.png 80w, https:\/\/ahnar.org\/wp-content\/uploads\/2023\/02\/elementor\/thumbs\/equipo-08-q2j8qy1xx2w9lfg1s2e5dk6fn4mmukoq0umsb2olv4.png 120w, https:\/\/ahnar.org\/wp-content\/uploads\/2023\/02\/equipo-08.png 201w\" sizes=\"(max-width: 150px) 100vw, 150px\" \/>\t\t\t\t\t\t\t\t\t\t\t\t\t\t\t<\/div>\n\t\t\t\t<\/div>\n\t\t\t\t<div class=\"elementor-element elementor-element-63f90bc elementor-widget elementor-widget-heading\" data-id=\"63f90bc\" data-element_type=\"widget\" data-e-type=\"widget\" data-widget_type=\"heading.default\">\n\t\t\t\t<div class=\"elementor-widget-container\">\n\t\t\t\t\t<h4 class=\"elementor-heading-title elementor-size-default\">Junta directiva<\/h4>\t\t\t\t<\/div>\n\t\t\t\t<\/div>\n\t\t\t\t<div class=\"elementor-element elementor-element-4871946 elementor-widget elementor-widget-text-editor\" data-id=\"4871946\" data-element_type=\"widget\" data-e-type=\"widget\" data-widget_type=\"text-editor.default\">\n\t\t\t\t<div class=\"elementor-widget-container\">\n\t\t\t\t\t\t\t\t\t<p><b>Presidenta: <\/b>Rosa M\u00aa L\u00f3pez S\u00e1ez<br \/><b>Vice-President: <\/b>Enrique Climente Forner<br \/><b>Secret\u00e0ria: <\/b>Vanesa Fuentes Alegre<br \/><b>Tresorer: <\/b>Mart\u00edn Navarro Moreno<br \/><b>Vocal: <\/b>Salvador Roig Esteve<\/p>\n\t\t\t\t\t\t\t\t<\/div>\n\t\t\t\t<\/div>\n\t\t\t\t\t<\/div>\n\t\t<\/div>\n\t\t\t\t<div class=\"elementor-column elementor-col-33 elementor-top-column elementor-element elementor-element-2f101d5\" data-id=\"2f101d5\" data-element_type=\"column\" data-e-type=\"column\">\n\t\t\t<div class=\"elementor-widget-wrap elementor-element-populated\">\n\t\t\t\t\t\t<div class=\"elementor-element elementor-element-fd2a5ef elementor-widget elementor-widget-image\" data-id=\"fd2a5ef\" data-element_type=\"widget\" data-e-type=\"widget\" data-widget_type=\"image.default\">\n\t\t\t\t<div class=\"elementor-widget-container\">\n\t\t\t\t\t\t\t\t\t\t\t\t\t\t\t<img decoding=\"async\" width=\"150\" height=\"150\" src=\"https:\/\/ahnar.org\/wp-content\/uploads\/2023\/02\/equipo-09-150x150.png\" class=\"attachment-thumbnail size-thumbnail wp-image-130\" alt=\"\" srcset=\"https:\/\/ahnar.org\/wp-content\/uploads\/2023\/02\/equipo-09-150x150.png 150w, https:\/\/ahnar.org\/wp-content\/uploads\/2023\/02\/equipo-09.png 201w\" sizes=\"(max-width: 150px) 100vw, 150px\" \/>\t\t\t\t\t\t\t\t\t\t\t\t\t\t\t<\/div>\n\t\t\t\t<\/div>\n\t\t\t\t<div class=\"elementor-element elementor-element-a824c0e elementor-widget elementor-widget-heading\" data-id=\"a824c0e\" data-element_type=\"widget\" data-e-type=\"widget\" data-widget_type=\"heading.default\">\n\t\t\t\t<div class=\"elementor-widget-container\">\n\t\t\t\t\t<h4 class=\"elementor-heading-title elementor-size-default\">Equip Professional<\/h4>\t\t\t\t<\/div>\n\t\t\t\t<\/div>\n\t\t\t\t<div class=\"elementor-element elementor-element-00bd2af elementor-widget elementor-widget-text-editor\" data-id=\"00bd2af\" data-element_type=\"widget\" data-e-type=\"widget\" data-widget_type=\"text-editor.default\">\n\t\t\t\t<div class=\"elementor-widget-container\">\n\t\t\t\t\t\t\t\t\t<p style=\"text-align: left;\">Sandra Mu\u00f1oz Guill\u00e9n <strong>Psic\u00f2loga Sanitaria<\/strong><br \/>Chelo Esteve Durb\u00e1 <strong>Psic\u00f3loga Sanitaria<\/strong><br \/>Bego\u00f1a Ballester Navarro <strong>Psic\u00f3loga Sanitaria<\/strong><br \/>Mar\u00eda L\u00f3pez Navarro <strong>Trabajadora Social <\/strong>Luc\u00eda Llatas Oficial <strong>Educadora Social <\/strong>Elena Arjona Ca\u00f1adas <strong>Pedagoga<\/strong><br \/>Alicia Corell Sales <strong>Educadora\/T\u00e9cnica <\/strong><strong>Adva.<\/strong><\/p>\n\t\t\t\t\t\t\t\t<\/div>\n\t\t\t\t<\/div>\n\t\t\t\t\t<\/div>\n\t\t<\/div>\n\t\t\t\t<div class=\"elementor-column elementor-col-33 elementor-top-column elementor-element elementor-element-a79bd4d\" data-id=\"a79bd4d\" data-element_type=\"column\" data-e-type=\"column\">\n\t\t\t<div class=\"elementor-widget-wrap elementor-element-populated\">\n\t\t\t\t\t\t<div class=\"elementor-element elementor-element-92651af elementor-widget elementor-widget-image\" data-id=\"92651af\" data-element_type=\"widget\" data-e-type=\"widget\" data-widget_type=\"image.default\">\n\t\t\t\t<div class=\"elementor-widget-container\">\n\t\t\t\t\t\t\t\t\t\t\t\t\t\t\t<img loading=\"lazy\" decoding=\"async\" width=\"150\" height=\"150\" src=\"https:\/\/ahnar.org\/wp-content\/uploads\/2023\/02\/equipo-10-150x150.png\" class=\"attachment-thumbnail size-thumbnail wp-image-131\" alt=\"\" srcset=\"https:\/\/ahnar.org\/wp-content\/uploads\/2023\/02\/equipo-10-150x150.png 150w, https:\/\/ahnar.org\/wp-content\/uploads\/2023\/02\/elementor\/thumbs\/equipo-10-q2j8qyzrmdez9u56v0gb3mejtktclki609g7bsgbog.png 80w, https:\/\/ahnar.org\/wp-content\/uploads\/2023\/02\/equipo-10.png 201w\" sizes=\"(max-width: 150px) 100vw, 150px\" \/>\t\t\t\t\t\t\t\t\t\t\t\t\t\t\t<\/div>\n\t\t\t\t<\/div>\n\t\t\t\t<div class=\"elementor-element elementor-element-3c143ab elementor-widget elementor-widget-heading\" data-id=\"3c143ab\" data-element_type=\"widget\" data-e-type=\"widget\" data-widget_type=\"heading.default\">\n\t\t\t\t<div class=\"elementor-widget-container\">\n\t\t\t\t\t<h4 class=\"elementor-heading-title elementor-size-default\">Voluntariat<\/h4>\t\t\t\t<\/div>\n\t\t\t\t<\/div>\n\t\t\t\t<div class=\"elementor-element elementor-element-df7caf1 elementor-widget elementor-widget-text-editor\" data-id=\"df7caf1\" data-element_type=\"widget\" data-e-type=\"widget\" data-widget_type=\"text-editor.default\">\n\t\t\t\t<div class=\"elementor-widget-container\">\n\t\t\t\t\t\t\t\t\t<p>Rosa Mar\u00eda L.S. <strong>Volunt\u00e0ria<\/strong><br \/>Mar\u00eda N.V. <strong>Volunt\u00e0ria<\/strong><br \/>Jos\u00e9 Alfonso G.M. <strong>Voluntari<\/strong><br \/>Florentina M.S. <strong>Volunt\u00e0ria<\/strong><br \/>Vicente A.T. <strong>Voluntari<\/strong><br \/>Enrique C.F. <strong>Voluntari<\/strong><br \/>Mart\u00edn N.M. <strong>Voluntari<\/strong><br \/>M\u00aa Isabel M.A. <strong>Volunt\u00e0ria<\/strong><\/p>\n\t\t\t\t\t\t\t\t<\/div>\n\t\t\t\t<\/div>\n\t\t\t\t\t<\/div>\n\t\t<\/div>\n\t\t\t\t\t<\/div>\n\t\t<\/section>\n\t\t\t\t<section class=\"elementor-section elementor-top-section elementor-element elementor-element-8915904 elementor-section-full_width elementor-section-height-default elementor-section-height-default\" data-id=\"8915904\" data-element_type=\"section\" data-e-type=\"section\" data-settings=\"{&quot;background_background&quot;:&quot;classic&quot;}\">\n\t\t\t\t\t\t<div class=\"elementor-container elementor-column-gap-default\">\n\t\t\t\t\t<div class=\"elementor-column elementor-col-100 elementor-top-column elementor-element elementor-element-28fa212\" data-id=\"28fa212\" data-element_type=\"column\" data-e-type=\"column\">\n\t\t\t<div class=\"elementor-widget-wrap elementor-element-populated\">\n\t\t\t\t\t\t<div class=\"elementor-element elementor-element-e3fbb44 elementor-widget elementor-widget-spacer\" data-id=\"e3fbb44\" data-element_type=\"widget\" data-e-type=\"widget\" data-widget_type=\"spacer.default\">\n\t\t\t\t<div class=\"elementor-widget-container\">\n\t\t\t\t\t\t\t<div class=\"elementor-spacer\">\n\t\t\t<div class=\"elementor-spacer-inner\"><\/div>\n\t\t<\/div>\n\t\t\t\t\t\t<\/div>\n\t\t\t\t<\/div>\n\t\t\t\t\t<\/div>\n\t\t<\/div>\n\t\t\t\t\t<\/div>\n\t\t<\/section>\n\t\t\t\t<\/div>\n\t\t<!--themify_builder_content-->\n<div id=\"themify_builder_content-1032\" data-postid=\"1032\" class=\"themify_builder_content themify_builder_content-1032 themify_builder tf_clear\">\n    <\/div>\n<!--\/themify_builder_content-->\n","protected":false},"excerpt":{"rendered":"<p>QUI SOM AHNAR \u00e9s una organitzaci\u00f3 no governamental, sense \u00e0nim de lucre, apol\u00edtica, aconfessional i compromesa amb la igualtat, fundada en 1981. A m\u00e9s, compta amb el seu Pla d&#8217;Igualtat, implantat des de l&#8217;any 2019. Som una resposta professionalitzada al problema de les addiccions, a l&#8217;alcohol, coca\u00efna, c\u00e0nnabis, benzodiacepines, \u00e8xtasi, tabac, jog, etc., avalada per [&hellip;]<\/p>\n","protected":false},"author":1,"featured_media":0,"parent":0,"menu_order":0,"comment_status":"closed","ping_status":"closed","template":"elementor_header_footer","meta":{"footnotes":""},"class_list":["post-1032","page","type-page","status-publish","hentry","has-post-title","has-post-date","has-post-category","has-post-tag","has-post-comment","has-post-author",""],"builder_content":"","_links":{"self":[{"href":"https:\/\/ahnar.org\/val\/wp-json\/wp\/v2\/pages\/1032","targetHints":{"allow":["GET"]}}],"collection":[{"href":"https:\/\/ahnar.org\/val\/wp-json\/wp\/v2\/pages"}],"about":[{"href":"https:\/\/ahnar.org\/val\/wp-json\/wp\/v2\/types\/page"}],"author":[{"embeddable":true,"href":"https:\/\/ahnar.org\/val\/wp-json\/wp\/v2\/users\/1"}],"replies":[{"embeddable":true,"href":"https:\/\/ahnar.org\/val\/wp-json\/wp\/v2\/comments?post=1032"}],"version-history":[{"count":12,"href":"https:\/\/ahnar.org\/val\/wp-json\/wp\/v2\/pages\/1032\/revisions"}],"predecessor-version":[{"id":1364,"href":"https:\/\/ahnar.org\/val\/wp-json\/wp\/v2\/pages\/1032\/revisions\/1364"}],"wp:attachment":[{"href":"https:\/\/ahnar.org\/val\/wp-json\/wp\/v2\/media?parent=1032"}],"curies":[{"name":"wp","href":"https:\/\/api.w.org\/{rel}","templated":true}]}}