{"id":1044,"date":"2023-02-22T12:37:56","date_gmt":"2023-02-22T12:37:56","guid":{"rendered":"https:\/\/ahnar.org\/prevencio\/"},"modified":"2024-10-03T17:07:50","modified_gmt":"2024-10-03T17:07:50","slug":"prevencio","status":"publish","type":"page","link":"https:\/\/ahnar.org\/val\/prevencio\/","title":{"rendered":"Prevenci\u00f3"},"content":{"rendered":"\t\t<div data-elementor-type=\"wp-page\" data-elementor-id=\"1044\" class=\"elementor elementor-1044 elementor-190\" data-elementor-post-type=\"page\">\n\t\t\t\t\t\t<section class=\"elementor-section elementor-top-section elementor-element elementor-element-7af360b elementor-section-full_width elementor-section-height-default elementor-section-height-default\" data-id=\"7af360b\" data-element_type=\"section\" data-e-type=\"section\" data-settings=\"{&quot;background_background&quot;:&quot;slideshow&quot;,&quot;background_slideshow_gallery&quot;:[{&quot;id&quot;:277,&quot;url&quot;:&quot;https:\\\/\\\/ahnar.org\\\/wp-content\\\/uploads\\\/2023\\\/02\\\/ahnar-prevencion-1024x231-1.jpeg&quot;}],&quot;background_slideshow_loop&quot;:&quot;yes&quot;,&quot;background_slideshow_slide_duration&quot;:5000,&quot;background_slideshow_slide_transition&quot;:&quot;fade&quot;,&quot;background_slideshow_transition_duration&quot;:500}\">\n\t\t\t\t\t\t<div class=\"elementor-container elementor-column-gap-default\">\n\t\t\t\t\t<div class=\"elementor-column elementor-col-66 elementor-top-column elementor-element elementor-element-43cb95e\" data-id=\"43cb95e\" data-element_type=\"column\" data-e-type=\"column\">\n\t\t\t<div class=\"elementor-widget-wrap elementor-element-populated\">\n\t\t\t\t\t\t<div class=\"elementor-element elementor-element-f5e8ace elementor-widget elementor-widget-heading\" data-id=\"f5e8ace\" data-element_type=\"widget\" data-e-type=\"widget\" data-widget_type=\"heading.default\">\n\t\t\t\t<div class=\"elementor-widget-container\">\n\t\t\t\t\t<h3 class=\"elementor-heading-title elementor-size-default\"><br><br><br><br><br><br><br><br><br><br><br><br><br><\/h3>\t\t\t\t<\/div>\n\t\t\t\t<\/div>\n\t\t\t\t\t<\/div>\n\t\t<\/div>\n\t\t\t\t<div class=\"elementor-column elementor-col-33 elementor-top-column elementor-element elementor-element-e0e0bd3\" data-id=\"e0e0bd3\" data-element_type=\"column\" data-e-type=\"column\">\n\t\t\t<div class=\"elementor-widget-wrap\">\n\t\t\t\t\t\t\t<\/div>\n\t\t<\/div>\n\t\t\t\t\t<\/div>\n\t\t<\/section>\n\t\t\t\t<section class=\"elementor-section elementor-top-section elementor-element elementor-element-12a7f15 elementor-section-boxed elementor-section-height-default elementor-section-height-default\" data-id=\"12a7f15\" data-element_type=\"section\" data-e-type=\"section\">\n\t\t\t\t\t\t<div class=\"elementor-container elementor-column-gap-default\">\n\t\t\t\t\t<div class=\"elementor-column elementor-col-100 elementor-top-column elementor-element elementor-element-d9e791d\" data-id=\"d9e791d\" data-element_type=\"column\" data-e-type=\"column\">\n\t\t\t<div class=\"elementor-widget-wrap elementor-element-populated\">\n\t\t\t\t\t\t<div class=\"elementor-element elementor-element-553a5cb elementor-widget elementor-widget-spacer\" data-id=\"553a5cb\" data-element_type=\"widget\" data-e-type=\"widget\" data-widget_type=\"spacer.default\">\n\t\t\t\t<div class=\"elementor-widget-container\">\n\t\t\t\t\t\t\t<div class=\"elementor-spacer\">\n\t\t\t<div class=\"elementor-spacer-inner\"><\/div>\n\t\t<\/div>\n\t\t\t\t\t\t<\/div>\n\t\t\t\t<\/div>\n\t\t\t\t\t<\/div>\n\t\t<\/div>\n\t\t\t\t\t<\/div>\n\t\t<\/section>\n\t\t\t\t<section class=\"elementor-section elementor-top-section elementor-element elementor-element-6920950 elementor-section-boxed elementor-section-height-default elementor-section-height-default\" data-id=\"6920950\" data-element_type=\"section\" data-e-type=\"section\">\n\t\t\t\t\t\t<div class=\"elementor-container elementor-column-gap-default\">\n\t\t\t\t\t<div class=\"elementor-column elementor-col-100 elementor-top-column elementor-element elementor-element-4e69322\" data-id=\"4e69322\" data-element_type=\"column\" data-e-type=\"column\">\n\t\t\t<div class=\"elementor-widget-wrap elementor-element-populated\">\n\t\t\t\t\t\t<div class=\"elementor-element elementor-element-792bc3b elementor-widget elementor-widget-heading\" data-id=\"792bc3b\" data-element_type=\"widget\" data-e-type=\"widget\" data-widget_type=\"heading.default\">\n\t\t\t\t<div class=\"elementor-widget-container\">\n\t\t\t\t\t<h4 class=\"elementor-heading-title elementor-size-large\">Prevenci\u00f3 de Conductes Addictives<\/h4>\t\t\t\t<\/div>\n\t\t\t\t<\/div>\n\t\t\t\t\t<\/div>\n\t\t<\/div>\n\t\t\t\t\t<\/div>\n\t\t<\/section>\n\t\t\t\t<section class=\"elementor-section elementor-top-section elementor-element elementor-element-6896258 elementor-section-boxed elementor-section-height-default elementor-section-height-default\" data-id=\"6896258\" data-element_type=\"section\" data-e-type=\"section\">\n\t\t\t\t\t\t<div class=\"elementor-container elementor-column-gap-default\">\n\t\t\t\t\t<div class=\"elementor-column elementor-col-100 elementor-top-column elementor-element elementor-element-d0a82ff\" data-id=\"d0a82ff\" data-element_type=\"column\" data-e-type=\"column\">\n\t\t\t<div class=\"elementor-widget-wrap elementor-element-populated\">\n\t\t\t\t\t\t<div class=\"elementor-element elementor-element-1177772 elementor-widget elementor-widget-spacer\" data-id=\"1177772\" data-element_type=\"widget\" data-e-type=\"widget\" data-widget_type=\"spacer.default\">\n\t\t\t\t<div class=\"elementor-widget-container\">\n\t\t\t\t\t\t\t<div class=\"elementor-spacer\">\n\t\t\t<div class=\"elementor-spacer-inner\"><\/div>\n\t\t<\/div>\n\t\t\t\t\t\t<\/div>\n\t\t\t\t<\/div>\n\t\t\t\t\t<\/div>\n\t\t<\/div>\n\t\t\t\t\t<\/div>\n\t\t<\/section>\n\t\t\t\t<section class=\"elementor-section elementor-top-section elementor-element elementor-element-c340781 elementor-section-boxed elementor-section-height-default elementor-section-height-default\" data-id=\"c340781\" data-element_type=\"section\" data-e-type=\"section\">\n\t\t\t\t\t\t<div class=\"elementor-container elementor-column-gap-default\">\n\t\t\t\t\t<div class=\"elementor-column elementor-col-66 elementor-top-column elementor-element elementor-element-7a9b687\" data-id=\"7a9b687\" data-element_type=\"column\" data-e-type=\"column\">\n\t\t\t<div class=\"elementor-widget-wrap elementor-element-populated\">\n\t\t\t\t\t\t<div class=\"elementor-element elementor-element-fa10d1d elementor-widget elementor-widget-text-editor\" data-id=\"fa10d1d\" data-element_type=\"widget\" data-e-type=\"widget\" data-widget_type=\"text-editor.default\">\n\t\t\t\t<div class=\"elementor-widget-container\">\n\t\t\t\t\t\t\t\t\t<p>L&#8217;Associaci\u00f3 gestiona i desenvolupa les accions de la <b>Unitat de Prevenci\u00f3 Comunit\u00e0ria en Conductes Addictives (UPCCA)<\/b> dels municipis d&#8217;Alfara del Patriarca, Meliana, Foios, Vinalesa, i Bonrep\u00f2s i Mirambell. \u00c9s un recurs pertanyent a la Conselleria de Sanitat, a trav\u00e9s de la Direcci\u00f3 General d&#8217;Ordenaci\u00f3 i Assist\u00e8ncia Sanit\u00e0ria.<\/p>\n<p>El nostre objectiu en la UPCCA \u00e9s reduir o evitar l&#8217;\u00fas\/ab\u00fas de drogues i altres conductes addictives, aix\u00ed com promoure h\u00e0bits de vida saludables des d&#8217;una cultura de la salut que incloga el rebuig del consum de drogues. Treballem des de diferents \u00e0mbits:<\/p>\n<p><strong>ESCOLAR<\/strong>: Duem a terme activitats formatives i din\u00e0miques participatives sobre diferents drogues i altres conductes addictives.<\/p>\n<p><strong>COMUNITARI<\/strong>: Realitzem activitats sobre prevenci\u00f3 de conductes addictives o promoci\u00f3 d&#8217;h\u00e0bits saludables realitzades en espais on poden participar pares i mares, institucions, joves i altres persones de la comunitat.<\/p>\n<p><strong>FAMILIAR<\/strong>: Posem atenci\u00f3 a fam\u00edlies que busquen assessorament o tinguen dubtes i preocupacions sobre conductes addictives.<\/p>\n<p><strong>INDIVIDUAL<\/strong>: Fem atencions individuals a les persones que ho sol\u00b7liciten. Comptem, a m\u00e9s, amb el suport d&#8217;altres recursos per a millorar la faena preventiva.<\/p>\n\t\t\t\t\t\t\t\t<\/div>\n\t\t\t\t<\/div>\n\t\t\t\t\t<\/div>\n\t\t<\/div>\n\t\t\t\t<div class=\"elementor-column elementor-col-33 elementor-top-column elementor-element elementor-element-9023795\" data-id=\"9023795\" data-element_type=\"column\" data-e-type=\"column\">\n\t\t\t<div class=\"elementor-widget-wrap elementor-element-populated\">\n\t\t\t\t\t\t<div class=\"elementor-element elementor-element-2b704cd elementor-widget elementor-widget-image\" data-id=\"2b704cd\" data-element_type=\"widget\" data-e-type=\"widget\" data-widget_type=\"image.default\">\n\t\t\t\t<div class=\"elementor-widget-container\">\n\t\t\t\t\t\t\t\t\t\t\t\t\t\t\t<img fetchpriority=\"high\" decoding=\"async\" width=\"351\" height=\"351\" src=\"https:\/\/ahnar.org\/wp-content\/uploads\/2023\/02\/conductas-13.png\" class=\"attachment-full size-full wp-image-262\" alt=\"\" srcset=\"https:\/\/ahnar.org\/wp-content\/uploads\/2023\/02\/conductas-13.png 351w, https:\/\/ahnar.org\/wp-content\/uploads\/2023\/02\/conductas-13-300x300.png 300w, https:\/\/ahnar.org\/wp-content\/uploads\/2023\/02\/conductas-13-150x150.png 150w, https:\/\/ahnar.org\/wp-content\/uploads\/2023\/02\/elementor\/thumbs\/conductas-13-q2kvmeh1rop5fnfadsslcmj3b5kpaeyj2ilsdxrltw.png 250w, https:\/\/ahnar.org\/wp-content\/uploads\/2023\/02\/elementor\/thumbs\/conductas-13-q2kvmeh15raxmncf6cd0al3wshgvyjco4mb7b8iztc.png 200w, https:\/\/ahnar.org\/wp-content\/uploads\/2023\/02\/elementor\/thumbs\/conductas-13-q2kvmeh0wzjnb1poak6rvdc8l0mk86piy9e62yfjt4.png 180w\" sizes=\"(max-width: 351px) 100vw, 351px\" \/>\t\t\t\t\t\t\t\t\t\t\t\t\t\t\t<\/div>\n\t\t\t\t<\/div>\n\t\t\t\t\t<\/div>\n\t\t<\/div>\n\t\t\t\t\t<\/div>\n\t\t<\/section>\n\t\t\t\t<section class=\"elementor-section elementor-top-section elementor-element elementor-element-29f0411 elementor-section-boxed elementor-section-height-default elementor-section-height-default\" data-id=\"29f0411\" data-element_type=\"section\" data-e-type=\"section\">\n\t\t\t\t\t\t<div class=\"elementor-container elementor-column-gap-default\">\n\t\t\t\t\t<div class=\"elementor-column elementor-col-100 elementor-top-column elementor-element elementor-element-7bd652c\" data-id=\"7bd652c\" data-element_type=\"column\" data-e-type=\"column\">\n\t\t\t<div class=\"elementor-widget-wrap elementor-element-populated\">\n\t\t\t\t\t\t<div class=\"elementor-element elementor-element-8f34288 elementor-widget elementor-widget-spacer\" data-id=\"8f34288\" data-element_type=\"widget\" data-e-type=\"widget\" data-widget_type=\"spacer.default\">\n\t\t\t\t<div class=\"elementor-widget-container\">\n\t\t\t\t\t\t\t<div class=\"elementor-spacer\">\n\t\t\t<div class=\"elementor-spacer-inner\"><\/div>\n\t\t<\/div>\n\t\t\t\t\t\t<\/div>\n\t\t\t\t<\/div>\n\t\t\t\t\t<\/div>\n\t\t<\/div>\n\t\t\t\t\t<\/div>\n\t\t<\/section>\n\t\t\t\t<section class=\"elementor-section elementor-top-section elementor-element elementor-element-7e27a2e elementor-section-boxed elementor-section-height-default elementor-section-height-default\" data-id=\"7e27a2e\" data-element_type=\"section\" data-e-type=\"section\">\n\t\t\t\t\t\t<div class=\"elementor-container elementor-column-gap-default\">\n\t\t\t\t\t<div class=\"elementor-column elementor-col-100 elementor-top-column elementor-element elementor-element-92d4339\" data-id=\"92d4339\" data-element_type=\"column\" data-e-type=\"column\">\n\t\t\t<div class=\"elementor-widget-wrap elementor-element-populated\">\n\t\t\t\t\t\t<div class=\"elementor-element elementor-element-2577c77 elementor-widget elementor-widget-image\" data-id=\"2577c77\" data-element_type=\"widget\" data-e-type=\"widget\" data-widget_type=\"image.default\">\n\t\t\t\t<div class=\"elementor-widget-container\">\n\t\t\t\t\t\t\t\t\t\t\t\t\t\t\t<img decoding=\"async\" width=\"1024\" height=\"256\" src=\"https:\/\/ahnar.org\/wp-content\/uploads\/2023\/04\/Logo-ayuntamientos-juntos-1024x256.png\" class=\"attachment-large size-large wp-image-720\" alt=\"\" srcset=\"https:\/\/ahnar.org\/wp-content\/uploads\/2023\/04\/Logo-ayuntamientos-juntos-1024x256.png 1024w, https:\/\/ahnar.org\/wp-content\/uploads\/2023\/04\/Logo-ayuntamientos-juntos-300x75.png 300w, https:\/\/ahnar.org\/wp-content\/uploads\/2023\/04\/Logo-ayuntamientos-juntos-768x192.png 768w, https:\/\/ahnar.org\/wp-content\/uploads\/2023\/04\/Logo-ayuntamientos-juntos-1536x384.png 1536w, https:\/\/ahnar.org\/wp-content\/uploads\/2023\/04\/Logo-ayuntamientos-juntos.png 1890w\" sizes=\"(max-width: 1024px) 100vw, 1024px\" \/>\t\t\t\t\t\t\t\t\t\t\t\t\t\t\t<\/div>\n\t\t\t\t<\/div>\n\t\t\t\t\t<\/div>\n\t\t<\/div>\n\t\t\t\t\t<\/div>\n\t\t<\/section>\n\t\t\t\t<\/div>\n\t\t<!--themify_builder_content-->\n<div id=\"themify_builder_content-1044\" data-postid=\"1044\" class=\"themify_builder_content themify_builder_content-1044 themify_builder tf_clear\">\n    <\/div>\n<!--\/themify_builder_content-->\n","protected":false},"excerpt":{"rendered":"<p>Prevenci\u00f3 de Conductes Addictives L&#8217;Associaci\u00f3 gestiona i desenvolupa les accions de la Unitat de Prevenci\u00f3 Comunit\u00e0ria en Conductes Addictives (UPCCA) dels municipis d&#8217;Alfara del Patriarca, Meliana, Foios, Vinalesa, i Bonrep\u00f2s i Mirambell. \u00c9s un recurs pertanyent a la Conselleria de Sanitat, a trav\u00e9s de la Direcci\u00f3 General d&#8217;Ordenaci\u00f3 i Assist\u00e8ncia Sanit\u00e0ria. El nostre objectiu en [&hellip;]<\/p>\n","protected":false},"author":1,"featured_media":0,"parent":0,"menu_order":0,"comment_status":"closed","ping_status":"closed","template":"elementor_header_footer","meta":{"footnotes":""},"class_list":["post-1044","page","type-page","status-publish","hentry","has-post-title","has-post-date","has-post-category","has-post-tag","has-post-comment","has-post-author",""],"builder_content":"","_links":{"self":[{"href":"https:\/\/ahnar.org\/val\/wp-json\/wp\/v2\/pages\/1044","targetHints":{"allow":["GET"]}}],"collection":[{"href":"https:\/\/ahnar.org\/val\/wp-json\/wp\/v2\/pages"}],"about":[{"href":"https:\/\/ahnar.org\/val\/wp-json\/wp\/v2\/types\/page"}],"author":[{"embeddable":true,"href":"https:\/\/ahnar.org\/val\/wp-json\/wp\/v2\/users\/1"}],"replies":[{"embeddable":true,"href":"https:\/\/ahnar.org\/val\/wp-json\/wp\/v2\/comments?post=1044"}],"version-history":[{"count":4,"href":"https:\/\/ahnar.org\/val\/wp-json\/wp\/v2\/pages\/1044\/revisions"}],"predecessor-version":[{"id":1269,"href":"https:\/\/ahnar.org\/val\/wp-json\/wp\/v2\/pages\/1044\/revisions\/1269"}],"wp:attachment":[{"href":"https:\/\/ahnar.org\/val\/wp-json\/wp\/v2\/media?parent=1044"}],"curies":[{"name":"wp","href":"https:\/\/api.w.org\/{rel}","templated":true}]}}